{"id":131727,"date":"2024-09-23T11:19:06","date_gmt":"2024-09-23T09:19:06","guid":{"rendered":"https:\/\/staging.rightlivelihood.org\/nominaciones\/"},"modified":"2026-02-02T15:18:38","modified_gmt":"2026-02-02T14:18:38","slug":"nominaciones","status":"publish","type":"page","link":"https:\/\/rightlivelihood.org\/es\/nominaciones\/","title":{"rendered":"Nominaciones"},"content":{"rendered":"\n<div class=\"wp-block-group progressBar has-global-padding is-layout-constrained wp-block-group-is-layout-constrained\"><\/div>\n\n\n<div class=\"yoast-breadcrumbs\"><span><span><a href=\"https:\/\/rightlivelihood.org\/\">Home<\/a><\/span> <span class=\"breadcrumb-chevron\">&#8250;<\/span> <span class=\"breadcrumb_last\" aria-current=\"page\">Nominaciones<\/span><\/span><\/div>\n\n<div id=\"\" data-block-id=\"f12e4069-5961-4a12-a22e-9ef3986e9b9c\"  class=\"haj-section haj-relative block-editor-block-list__block wp-block wp-block-haj-main-section has-transparent-background-color has-background-image haj-height-70vh offset-menu haj-section-max-height haj-w-large haj-flex-wrap haj-flex-bottom haj-height-expand haj-height-expand@m haj-height-expand@s has-background-image   \">\n         <div class=\"haj-share-btns\">\n         <div className=\"haj-flex\">\n            <a href=\"https:\/\/www.facebook.com\/sharer\/sharer.php?u=https:\/\/rightlivelihood.org\/es\/wp-json\/wp\/v2\/pages\/131727\" class=\"share-link facebook\" target=\"_blank\" rel=\"noopener noreferrer\">\n               <svg viewBox=\"0 0 40 40\" xmlns=\"http:\/\/www.w3.org\/2000\/svg\" class=\"share-icon\">\n                  <path d=\"M20 40a20 20 0 100-40 20 20 0 000 40z\" fill=\"currentColor\"><\/path>\n                  <path d=\"M27.79 25.78l.88-5.78h-5.55v-3.75c0-1.58.78-3.12 3.26-3.12h2.53V8.2s-2.3-.39-4.48-.39c-4.57 0-7.56 2.77-7.56 7.78V20H11.8v5.78h5.08v13.98a20.12 20.12 0 006.25 0V25.78h4.66z\" fill=\"#fff\" fill-rule=\"nonzero\"><\/path>\n               <\/svg>\n            <\/a>\n            <a href=\"https:\/\/twitter.com\/intent\/post?text=&#038;url=https:\/\/rightlivelihood.org\/es\/wp-json\/wp\/v2\/pages\/131727&#038;via=rightlivelihood\" class=\"share-link twitter\" target=\"_blank\" rel=\"noopener noreferrer\">\n               <svg width=\"40\" height=\"40\" viewBox=\"0 0 40 40\" fill=\"none\" xmlns=\"http:\/\/www.w3.org\/2000\/svg\" class=\"share-icon\">\n                  <g clip-path=\"url(#clip0_1972_16)\">\n                     <path d=\"M33.7886 33.7886C30.1316 37.4455 25.1717 39.5 20 39.5C14.8283 39.5 9.86838 37.4455 6.21142 33.7886C2.55446 30.1316 0.5 25.1717 0.5 20C0.5 14.8283 2.55446 9.86838 6.21142 6.21142C9.86838 2.55446 14.8283 0.5 20 0.5C25.1717 0.5 30.1316 2.55446 33.7886 6.21142C37.4455 9.86838 39.5 14.8283 39.5 20C39.5 25.1717 37.4455 30.1316 33.7886 33.7886Z\" fill=\"white\" stroke=\"black\" \/>\n                     <path d=\"M21.482 18.622L28.04 11H26.486L20.793 17.618L16.245 11H11L17.876 21.007L11 29H12.554L18.566 22.011L23.368 29H28.613L21.482 18.622ZM19.354 21.096L18.657 20.099L13.114 12.169H15.5L19.974 18.569L20.671 19.565L26.486 27.883H24.099L19.354 21.096Z\" fill=\"black\" \/>\n                  <\/g>\n                  <defs>\n                     <clipPath id=\"clip0_1972_16\">\n                        <rect width=\"40\" height=\"40\" fill=\"white\" \/>\n                     <\/clipPath>\n                  <\/defs>\n               <\/svg>\n            <\/a>\n            <a href=\"https:\/\/www.linkedin.com\/sharing\/share-offsite\/?url=https:\/\/rightlivelihood.org\/es\/wp-json\/wp\/v2\/pages\/131727\" class=\"share-link linkedin\" target=\"_blank\" rel=\"noopener noreferrer\">\n               <svg viewBox=\"0 0 40 40\" xmlns=\"http:\/\/www.w3.org\/2000\/svg\" class=\"share-icon\">\n                  <path d=\"M20 40a20 20 0 110-40 20 20 0 010 40z\" fill=\"currentColor\"><\/path>\n                  <path d=\"M16.02 15.5h5.1v2.33h.07a5.58 5.58 0 015.03-2.77c5.39 0 6.38 3.55 6.38 8.15v9.39H27.3v-8.32c0-1.98-.04-4.53-2.77-4.53-2.76 0-3.19 2.16-3.19 4.39v8.46h-5.3V15.5zm-8.65 0h5.31v17.1H7.37V15.5zm2.66-8.51a3.08 3.08 0 110 6.16 3.08 3.08 0 010-6.16z\" fill=\"#fff\" fill-rule=\"nonzero\"><\/path>\n               <\/svg>\n            <\/a>\n         <\/div>\n      <\/div>\n   \n         <img decoding=\"async\" src=\"https:\/\/rightlivelihood.org\/wp-content\/uploads\/2025\/01\/2024_Right-Livelyhood24-12-04_DSF1674_.jpg\" alt=\"\" class=\"haj-background-image\" style=\"object-position:51% 27%\"\/>\n      \n\n<div class=\"wp-block-columns is-layout-flex wp-container-core-columns-is-layout-8d88fe0f wp-block-columns-is-layout-flex\" style=\"padding-top:var(--wp--preset--spacing--20);padding-bottom:var(--wp--preset--spacing--20)\">\n<div class=\"wp-block-column is-layout-flow wp-block-column-is-layout-flow\">\n<h1 class=\"wp-block-heading has-white-color has-text-color has-link-color wp-elements-92268e316f30d486434badee2cb4dccb\">Nominaciones<\/h1>\n<\/div>\n<\/div>\n\n   <\/div>\n\n\n<div id=\"\" data-block-id=\"f12e4069-5961-4a12-a22e-9ef3986e9b9c\"  class=\"haj-section haj-relative block-editor-block-list__block wp-block wp-block-haj-main-section has-moss-background-color haj-height-auto offset-menu haj-w-large haj-flex-wrap haj-flex-middle haj-height-expand haj-height-expand@m haj-height-expand@s    \">\n   \n      \n\n<div class=\"wp-block-columns is-layout-flex wp-container-core-columns-is-layout-8d88fe0f wp-block-columns-is-layout-flex\" style=\"padding-top:var(--wp--preset--spacing--20);padding-bottom:var(--wp--preset--spacing--20)\">\n<div class=\"wp-block-column is-layout-flow wp-block-column-is-layout-flow\">\n<p class=\"has-small-font-size\"><em><em>Las galardonadas y los galardonados del Premio Right Livelihood 2024 despu\u00e9s de la entrega del premio en Estocolmo.<\/em><\/em><\/p>\n<\/div>\n<\/div>\n\n   <\/div>\n\n\n<div id=\"\" data-block-id=\"4be9e58c-4d91-4df4-a3e5-64dd1655e928\"  class=\"haj-section haj-relative block-editor-block-list__block wp-block has-child-selected reverse-wrap wp-block-haj-main-section has-tan-background-color haj-height-auto offset-menu haj-w-medium haj-flex-wrap haj-flex-top haj-height-expand haj-height-expand@m haj-height-expand@s    \">\n   \n      \n\n<div class=\"wp-block-columns is-layout-flex wp-container-core-columns-is-layout-438a2402 wp-block-columns-is-layout-flex\" style=\"padding-top:var(--wp--preset--spacing--60);padding-bottom:var(--wp--preset--spacing--60)\">\n<div class=\"wp-block-column is-layout-flow wp-block-column-is-layout-flow\">\n<div class=\"wp-block-group has-global-padding is-content-justification-left is-layout-constrained wp-container-core-group-is-layout-b7f0c024 wp-block-group-is-layout-constrained\">\n<figure data-wp-context=\"{&quot;imageId&quot;:&quot;69e01847c6693&quot;}\" data-wp-interactive=\"core\/image\" data-wp-key=\"69e01847c6693\" class=\"wp-block-image size-full is-resized haj-w-full-mobile wp-lightbox-container\"><img loading=\"lazy\" decoding=\"async\" width=\"1248\" height=\"1706\" data-wp-class--hide=\"state.isContentHidden\" data-wp-class--show=\"state.isContentVisible\" data-wp-init=\"callbacks.setButtonStyles\" data-wp-on--click=\"actions.showLightbox\" data-wp-on--load=\"callbacks.setButtonStyles\" data-wp-on-window--resize=\"callbacks.setButtonStyles\" src=\"https:\/\/rightlivelihood.org\/wp-content\/uploads\/2024\/08\/RS1989_SSX_RightLivelihood2019_126-scaled-e1620382003104.jpg\" alt=\"\" class=\"wp-image-6926\" style=\"object-fit:cover;width:380px;height:500px\" srcset=\"https:\/\/rightlivelihood.org\/wp-content\/uploads\/2024\/08\/RS1989_SSX_RightLivelihood2019_126-scaled-e1620382003104.jpg 1248w, https:\/\/rightlivelihood.org\/wp-content\/uploads\/2024\/08\/RS1989_SSX_RightLivelihood2019_126-scaled-e1620382003104-219x300.jpg 219w, https:\/\/rightlivelihood.org\/wp-content\/uploads\/2024\/08\/RS1989_SSX_RightLivelihood2019_126-scaled-e1620382003104-749x1024.jpg 749w, https:\/\/rightlivelihood.org\/wp-content\/uploads\/2024\/08\/RS1989_SSX_RightLivelihood2019_126-scaled-e1620382003104-768x1050.jpg 768w, https:\/\/rightlivelihood.org\/wp-content\/uploads\/2024\/08\/RS1989_SSX_RightLivelihood2019_126-scaled-e1620382003104-1124x1536.jpg 1124w\" sizes=\"auto, (max-width: 1248px) 100vw, 1248px\" \/><button\n\t\t\tclass=\"lightbox-trigger\"\n\t\t\ttype=\"button\"\n\t\t\taria-haspopup=\"dialog\"\n\t\t\taria-label=\"Agrandar\"\n\t\t\tdata-wp-init=\"callbacks.initTriggerButton\"\n\t\t\tdata-wp-on--click=\"actions.showLightbox\"\n\t\t\tdata-wp-style--right=\"state.imageButtonRight\"\n\t\t\tdata-wp-style--top=\"state.imageButtonTop\"\n\t\t>\n\t\t\t<svg xmlns=\"http:\/\/www.w3.org\/2000\/svg\" width=\"12\" height=\"12\" fill=\"none\" viewBox=\"0 0 12 12\">\n\t\t\t\t<path fill=\"#fff\" d=\"M2 0a2 2 0 0 0-2 2v2h1.5V2a.5.5 0 0 1 .5-.5h2V0H2Zm2 10.5H2a.5.5 0 0 1-.5-.5V8H0v2a2 2 0 0 0 2 2h2v-1.5ZM8 12v-1.5h2a.5.5 0 0 0 .5-.5V8H12v2a2 2 0 0 1-2 2H8Zm2-12a2 2 0 0 1 2 2v2h-1.5V2a.5.5 0 0 0-.5-.5H8V0h2Z\" \/>\n\t\t\t<\/svg>\n\t\t<\/button><figcaption class=\"wp-element-caption\"><em>2019 Laureate Davi Kopenawa at the 2019 Award Presentation, credit: Stina Stjernqvist.<\/em><\/figcaption><\/figure>\n<\/div>\n<\/div>\n\n\n\n<div class=\"wp-block-column is-layout-flow wp-block-column-is-layout-flow\">\n<div class=\"wp-block-group text-column-stack haj-max-w-505 is-vertical is-content-justification-left is-layout-flex wp-container-core-group-is-layout-47759e60 wp-block-group-is-layout-flex\">\n<h2 class=\"wp-block-heading\">La persona que nomines puede ser la pr\u00f3xima galardonada del Premio Right Livelihood.<\/h2>\n\n\n\n<p>\u00bfConoces a alguien que sea valiente y se esfuerce por crear un mundo m\u00e1s justo, pac\u00edfico y sostenible para quienes le rodean?<\/p>\n\n\n\n<p>Las postulaciones al Premio Right Livelihood est\u00e1n totalmente abiertas al p\u00fablico y pueden presentarse a trav\u00e9s de nuestro formulario en l\u00ednea. Las presentaciones se aceptan en ingl\u00e9s, franc\u00e9s y espa\u00f1ol y pueden enviarse desde el 1 de octubre hasta el 30 de enero.<\/p>\n\n\n\n<p>Esta es una descripci\u00f3n general del proceso anual de revisi\u00f3n y selecci\u00f3n de nominaciones.<\/p>\n\n\n\n<p><strong>Confidencialidad<\/strong><br>Tanto las personas que nominan como las que son nominadas deben mantener toda la informaci\u00f3n relativa a la nominaci\u00f3n bajo estricta confidencialidad. Hacer p\u00fablica la nominaci\u00f3n dejar\u00e1 a la persona nominada sin posibilidad de participar en el proceso de selecci\u00f3n.<\/p>\n\n\n\n<p><strong>Consentimiento<\/strong><br>Todas las personas nominadas deben otorgar su consentimiento para ser consideradas para el premio. En el caso de personas encarceladas, el consentimiento puede ser proporcionado por su familia o profesional letrado.<\/p>\n\n\n\n<p><strong>Investigaci\u00f3n<\/strong><br>El Jurado de la Fundaci\u00f3n eval\u00faa las nominaciones tras una investigaci\u00f3n exhaustiva realizada por la Fundaci\u00f3n*<\/p>\n\n\n\n<p><strong>Reuni\u00f3n del Jurado<\/strong><br>Nuestro Jurado internacional se re\u00fane cada mes de agosto para seleccionar a quienes recibir\u00e1n el premio. Los nombres de las personas galardonadas se anuncian posteriormente en una conferencia de prensa en Estocolmo y la ceremonia de entrega del premio tiene lugar hacia fin de a\u00f1o.<\/p>\n\n\n\n<p><strong>Retroalimentaci\u00f3n sobre las nominaciones<\/strong><br>Debido al volumen de nominaciones recibidas, la Fundaci\u00f3n no puede proporcionar retroalimentaci\u00f3n individual sobre las nominaciones que no avanzan en el proceso de selecci\u00f3n<\/p>\n\n\n\n<p><strong>Seguridad de los datos<\/strong><br>Toda la informaci\u00f3n proporcionada durante el proceso de nominaci\u00f3n se almacena de forma segura y se utiliza \u00fanicamente con fines de selecci\u00f3n.<\/p>\n\n\n\n<p>*La Fundaci\u00f3n se reserva el derecho de rechazar nominaciones que se encuentren fuera del alcance de su misi\u00f3n.<\/p>\n<\/div>\n<\/div>\n<\/div>\n\n   <\/div>\n","protected":false},"excerpt":{"rendered":"<p>Nuestro proceso de nominaci\u00f3n es completamente abierto. \u00a1Las y los agentes de cambio que usted postule podr\u00edan convertirse en las pr\u00f3ximas personas galardonadas con el Premio Right Livelihood! Sepa c\u00f3mo enviar una nominaci\u00f3n. <\/p>\n","protected":false},"author":4,"featured_media":134753,"parent":0,"menu_order":0,"comment_status":"closed","ping_status":"closed","template":"","meta":{"_acf_changed":false,"give_campaign_id":0,"footnotes":""},"tags":[],"topic":[],"the-year":[],"class_list":["post-131727","page","type-page","status-publish","has-post-thumbnail","hentry"],"acf":[],"yoast_head":"<!-- This site is optimized with the Yoast SEO plugin v27.2 - https:\/\/yoast.com\/product\/yoast-seo-wordpress\/ -->\n<title>Nominaciones - Right Livelihood<\/title>\n<meta name=\"robots\" content=\"index, follow, max-snippet:-1, max-image-preview:large, max-video-preview:-1\" \/>\n<link rel=\"canonical\" href=\"https:\/\/rightlivelihood.org\/es\/nominaciones\/\" \/>\n<meta property=\"og:locale\" content=\"es_ES\" \/>\n<meta property=\"og:type\" content=\"article\" \/>\n<meta property=\"og:title\" content=\"Nominaciones - Right Livelihood\" \/>\n<meta property=\"og:description\" content=\"Nuestro proceso de nominaci\u00f3n es completamente abierto. \u00a1Las y los agentes de cambio que usted postule podr\u00edan convertirse en las pr\u00f3ximas personas galardonadas con el Premio Right Livelihood! Sepa c\u00f3mo enviar una nominaci\u00f3n.\" \/>\n<meta property=\"og:url\" content=\"https:\/\/rightlivelihood.org\/es\/nominaciones\/\" \/>\n<meta property=\"og:site_name\" content=\"Right Livelihood\" \/>\n<meta property=\"article:publisher\" content=\"https:\/\/www.facebook.com\/rightlivelihood\" \/>\n<meta property=\"article:modified_time\" content=\"2026-02-02T14:18:38+00:00\" \/>\n<meta property=\"og:image\" content=\"https:\/\/rightlivelihood.org\/wp-content\/uploads\/2025\/01\/2024_Right-Livelyhood24-12-04_DSF1674_.jpg\" \/>\n\t<meta property=\"og:image:width\" content=\"2000\" \/>\n\t<meta property=\"og:image:height\" content=\"1500\" \/>\n\t<meta property=\"og:image:type\" content=\"image\/jpeg\" \/>\n<meta name=\"twitter:card\" content=\"summary_large_image\" \/>\n<meta name=\"twitter:site\" content=\"@rightlivelihood\" \/>\n<script type=\"application\/ld+json\" class=\"yoast-schema-graph\">{\"@context\":\"https:\/\/schema.org\",\"@graph\":[{\"@type\":\"WebPage\",\"@id\":\"https:\/\/rightlivelihood.org\/es\/nominaciones\/\",\"url\":\"https:\/\/rightlivelihood.org\/es\/nominaciones\/\",\"name\":\"Nominaciones - Right Livelihood\",\"isPartOf\":{\"@id\":\"https:\/\/rightlivelihood.org\/es\/#website\"},\"primaryImageOfPage\":{\"@id\":\"https:\/\/rightlivelihood.org\/es\/nominaciones\/#primaryimage\"},\"image\":{\"@id\":\"https:\/\/rightlivelihood.org\/es\/nominaciones\/#primaryimage\"},\"thumbnailUrl\":\"https:\/\/rightlivelihood.org\/wp-content\/uploads\/2025\/01\/2024_Right-Livelyhood24-12-04_DSF1674_.jpg\",\"datePublished\":\"2024-09-23T09:19:06+00:00\",\"dateModified\":\"2026-02-02T14:18:38+00:00\",\"breadcrumb\":{\"@id\":\"https:\/\/rightlivelihood.org\/es\/nominaciones\/#breadcrumb\"},\"inLanguage\":\"es\",\"potentialAction\":[{\"@type\":\"ReadAction\",\"target\":[\"https:\/\/rightlivelihood.org\/es\/nominaciones\/\"]}]},{\"@type\":\"ImageObject\",\"inLanguage\":\"es\",\"@id\":\"https:\/\/rightlivelihood.org\/es\/nominaciones\/#primaryimage\",\"url\":\"https:\/\/rightlivelihood.org\/wp-content\/uploads\/2025\/01\/2024_Right-Livelyhood24-12-04_DSF1674_.jpg\",\"contentUrl\":\"https:\/\/rightlivelihood.org\/wp-content\/uploads\/2025\/01\/2024_Right-Livelyhood24-12-04_DSF1674_.jpg\",\"width\":2000,\"height\":1500},{\"@type\":\"BreadcrumbList\",\"@id\":\"https:\/\/rightlivelihood.org\/es\/nominaciones\/#breadcrumb\",\"itemListElement\":[{\"@type\":\"ListItem\",\"position\":1,\"name\":\"Home\",\"item\":\"https:\/\/rightlivelihood.org\/\"},{\"@type\":\"ListItem\",\"position\":2,\"name\":\"Nominaciones\"}]},{\"@type\":\"WebSite\",\"@id\":\"https:\/\/rightlivelihood.org\/es\/#website\",\"url\":\"https:\/\/rightlivelihood.org\/es\/\",\"name\":\"Right Livelihood\",\"description\":\"\",\"publisher\":{\"@id\":\"https:\/\/rightlivelihood.org\/es\/#organization\"},\"potentialAction\":[{\"@type\":\"SearchAction\",\"target\":{\"@type\":\"EntryPoint\",\"urlTemplate\":\"https:\/\/rightlivelihood.org\/es\/?s={search_term_string}\"},\"query-input\":{\"@type\":\"PropertyValueSpecification\",\"valueRequired\":true,\"valueName\":\"search_term_string\"}}],\"inLanguage\":\"es\"},{\"@type\":\"Organization\",\"@id\":\"https:\/\/rightlivelihood.org\/es\/#organization\",\"name\":\"Right Livelihood\",\"url\":\"https:\/\/rightlivelihood.org\/es\/\",\"logo\":{\"@type\":\"ImageObject\",\"inLanguage\":\"es\",\"@id\":\"https:\/\/rightlivelihood.org\/es\/#\/schema\/logo\/image\/\",\"url\":\"https:\/\/rightlivelihood.org\/wp-content\/uploads\/2024\/09\/rlh-logo-2-1.svg\",\"contentUrl\":\"https:\/\/rightlivelihood.org\/wp-content\/uploads\/2024\/09\/rlh-logo-2-1.svg\",\"caption\":\"Right Livelihood\"},\"image\":{\"@id\":\"https:\/\/rightlivelihood.org\/es\/#\/schema\/logo\/image\/\"},\"sameAs\":[\"https:\/\/www.facebook.com\/rightlivelihood\",\"https:\/\/x.com\/rightlivelihood\"]}]}<\/script>\n<!-- \/ Yoast SEO plugin. -->","yoast_head_json":{"title":"Nominaciones - Right Livelihood","robots":{"index":"index","follow":"follow","max-snippet":"max-snippet:-1","max-image-preview":"max-image-preview:large","max-video-preview":"max-video-preview:-1"},"canonical":"https:\/\/rightlivelihood.org\/es\/nominaciones\/","og_locale":"es_ES","og_type":"article","og_title":"Nominaciones - Right Livelihood","og_description":"Nuestro proceso de nominaci\u00f3n es completamente abierto. \u00a1Las y los agentes de cambio que usted postule podr\u00edan convertirse en las pr\u00f3ximas personas galardonadas con el Premio Right Livelihood! Sepa c\u00f3mo enviar una nominaci\u00f3n.","og_url":"https:\/\/rightlivelihood.org\/es\/nominaciones\/","og_site_name":"Right Livelihood","article_publisher":"https:\/\/www.facebook.com\/rightlivelihood","article_modified_time":"2026-02-02T14:18:38+00:00","og_image":[{"width":2000,"height":1500,"url":"https:\/\/rightlivelihood.org\/wp-content\/uploads\/2025\/01\/2024_Right-Livelyhood24-12-04_DSF1674_.jpg","type":"image\/jpeg"}],"twitter_card":"summary_large_image","twitter_site":"@rightlivelihood","schema":{"@context":"https:\/\/schema.org","@graph":[{"@type":"WebPage","@id":"https:\/\/rightlivelihood.org\/es\/nominaciones\/","url":"https:\/\/rightlivelihood.org\/es\/nominaciones\/","name":"Nominaciones - Right Livelihood","isPartOf":{"@id":"https:\/\/rightlivelihood.org\/es\/#website"},"primaryImageOfPage":{"@id":"https:\/\/rightlivelihood.org\/es\/nominaciones\/#primaryimage"},"image":{"@id":"https:\/\/rightlivelihood.org\/es\/nominaciones\/#primaryimage"},"thumbnailUrl":"https:\/\/rightlivelihood.org\/wp-content\/uploads\/2025\/01\/2024_Right-Livelyhood24-12-04_DSF1674_.jpg","datePublished":"2024-09-23T09:19:06+00:00","dateModified":"2026-02-02T14:18:38+00:00","breadcrumb":{"@id":"https:\/\/rightlivelihood.org\/es\/nominaciones\/#breadcrumb"},"inLanguage":"es","potentialAction":[{"@type":"ReadAction","target":["https:\/\/rightlivelihood.org\/es\/nominaciones\/"]}]},{"@type":"ImageObject","inLanguage":"es","@id":"https:\/\/rightlivelihood.org\/es\/nominaciones\/#primaryimage","url":"https:\/\/rightlivelihood.org\/wp-content\/uploads\/2025\/01\/2024_Right-Livelyhood24-12-04_DSF1674_.jpg","contentUrl":"https:\/\/rightlivelihood.org\/wp-content\/uploads\/2025\/01\/2024_Right-Livelyhood24-12-04_DSF1674_.jpg","width":2000,"height":1500},{"@type":"BreadcrumbList","@id":"https:\/\/rightlivelihood.org\/es\/nominaciones\/#breadcrumb","itemListElement":[{"@type":"ListItem","position":1,"name":"Home","item":"https:\/\/rightlivelihood.org\/"},{"@type":"ListItem","position":2,"name":"Nominaciones"}]},{"@type":"WebSite","@id":"https:\/\/rightlivelihood.org\/es\/#website","url":"https:\/\/rightlivelihood.org\/es\/","name":"Right Livelihood","description":"","publisher":{"@id":"https:\/\/rightlivelihood.org\/es\/#organization"},"potentialAction":[{"@type":"SearchAction","target":{"@type":"EntryPoint","urlTemplate":"https:\/\/rightlivelihood.org\/es\/?s={search_term_string}"},"query-input":{"@type":"PropertyValueSpecification","valueRequired":true,"valueName":"search_term_string"}}],"inLanguage":"es"},{"@type":"Organization","@id":"https:\/\/rightlivelihood.org\/es\/#organization","name":"Right Livelihood","url":"https:\/\/rightlivelihood.org\/es\/","logo":{"@type":"ImageObject","inLanguage":"es","@id":"https:\/\/rightlivelihood.org\/es\/#\/schema\/logo\/image\/","url":"https:\/\/rightlivelihood.org\/wp-content\/uploads\/2024\/09\/rlh-logo-2-1.svg","contentUrl":"https:\/\/rightlivelihood.org\/wp-content\/uploads\/2024\/09\/rlh-logo-2-1.svg","caption":"Right Livelihood"},"image":{"@id":"https:\/\/rightlivelihood.org\/es\/#\/schema\/logo\/image\/"},"sameAs":["https:\/\/www.facebook.com\/rightlivelihood","https:\/\/x.com\/rightlivelihood"]}]}},"campaignId":"","_links":{"self":[{"href":"https:\/\/rightlivelihood.org\/es\/wp-json\/wp\/v2\/pages\/131727","targetHints":{"allow":["GET"]}}],"collection":[{"href":"https:\/\/rightlivelihood.org\/es\/wp-json\/wp\/v2\/pages"}],"about":[{"href":"https:\/\/rightlivelihood.org\/es\/wp-json\/wp\/v2\/types\/page"}],"author":[{"embeddable":true,"href":"https:\/\/rightlivelihood.org\/es\/wp-json\/wp\/v2\/users\/4"}],"replies":[{"embeddable":true,"href":"https:\/\/rightlivelihood.org\/es\/wp-json\/wp\/v2\/comments?post=131727"}],"version-history":[{"count":14,"href":"https:\/\/rightlivelihood.org\/es\/wp-json\/wp\/v2\/pages\/131727\/revisions"}],"predecessor-version":[{"id":144906,"href":"https:\/\/rightlivelihood.org\/es\/wp-json\/wp\/v2\/pages\/131727\/revisions\/144906"}],"wp:featuredmedia":[{"embeddable":true,"href":"https:\/\/rightlivelihood.org\/es\/wp-json\/wp\/v2\/media\/134753"}],"wp:attachment":[{"href":"https:\/\/rightlivelihood.org\/es\/wp-json\/wp\/v2\/media?parent=131727"}],"wp:term":[{"taxonomy":"post_tag","embeddable":true,"href":"https:\/\/rightlivelihood.org\/es\/wp-json\/wp\/v2\/tags?post=131727"},{"taxonomy":"topic","embeddable":true,"href":"https:\/\/rightlivelihood.org\/es\/wp-json\/wp\/v2\/topic?post=131727"},{"taxonomy":"the-year","embeddable":true,"href":"https:\/\/rightlivelihood.org\/es\/wp-json\/wp\/v2\/the-year?post=131727"}],"curies":[{"name":"wp","href":"https:\/\/api.w.org\/{rel}","templated":true}]}}